{"id":34,"date":"2018-02-07T21:13:25","date_gmt":"2018-02-07T21:13:25","guid":{"rendered":"http:\/\/garsan.synology.me\/wordpress\/?page_id=34"},"modified":"2018-08-03T12:33:59","modified_gmt":"2018-08-03T10:33:59","slug":"inicio","status":"publish","type":"page","link":"https:\/\/garsan.synology.me\/wordpress\/","title":{"rendered":"Inicio"},"content":{"rendered":"<p>\u00a1Bienvenido a mi web personal!<\/p>\n<p>Estoy haciendo mi primer proyecto con wordpress, as\u00ed que no s\u00e9 como quedar\u00e1, veremos como evoluciona con el tiempo&#8230;..<\/p>\n","protected":false},"excerpt":{"rendered":"<p>\u00a1Bienvenido a mi web personal! Estoy haciendo mi primer proyecto con wordpress, as\u00ed que no s\u00e9 como quedar\u00e1, veremos como evoluciona con el tiempo&#8230;..<\/p>\n","protected":false},"author":1,"featured_media":0,"parent":35,"menu_order":0,"comment_status":"closed","ping_status":"closed","template":"","meta":{"jetpack_post_was_ever_published":false,"footnotes":""},"class_list":["post-34","page","type-page","status-publish","hentry"],"jetpack_sharing_enabled":true,"jetpack_shortlink":"https:\/\/wp.me\/P9EDur-y","jetpack_likes_enabled":true,"jetpack-related-posts":[],"_links":{"self":[{"href":"https:\/\/garsan.synology.me\/wordpress\/wp-json\/wp\/v2\/pages\/34","targetHints":{"allow":["GET"]}}],"collection":[{"href":"https:\/\/garsan.synology.me\/wordpress\/wp-json\/wp\/v2\/pages"}],"about":[{"href":"https:\/\/garsan.synology.me\/wordpress\/wp-json\/wp\/v2\/types\/page"}],"author":[{"embeddable":true,"href":"https:\/\/garsan.synology.me\/wordpress\/wp-json\/wp\/v2\/users\/1"}],"replies":[{"embeddable":true,"href":"https:\/\/garsan.synology.me\/wordpress\/wp-json\/wp\/v2\/comments?post=34"}],"version-history":[{"count":11,"href":"https:\/\/garsan.synology.me\/wordpress\/wp-json\/wp\/v2\/pages\/34\/revisions"}],"predecessor-version":[{"id":4484,"href":"https:\/\/garsan.synology.me\/wordpress\/wp-json\/wp\/v2\/pages\/34\/revisions\/4484"}],"up":[{"embeddable":true,"href":"https:\/\/garsan.synology.me\/wordpress\/wp-json\/wp\/v2\/pages\/35"}],"wp:attachment":[{"href":"https:\/\/garsan.synology.me\/wordpress\/wp-json\/wp\/v2\/media?parent=34"}],"curies":[{"name":"wp","href":"https:\/\/api.w.org\/{rel}","templated":true}]}}