{"id":19665,"date":"2024-10-25T18:50:24","date_gmt":"2024-10-25T16:50:24","guid":{"rendered":"https:\/\/garsan.synology.me\/wordpress\/?page_id=19665"},"modified":"2024-11-11T20:53:21","modified_gmt":"2024-11-11T19:53:21","slug":"lopd","status":"publish","type":"page","link":"https:\/\/garsan.synology.me\/wordpress\/lopd\/","title":{"rendered":"LOPD"},"content":{"rendered":"\n<h2><img data-recalc-dims=\"1\" loading=\"lazy\" decoding=\"async\" data-attachment-id=\"19668\" data-permalink=\"https:\/\/garsan.synology.me\/wordpress\/lopd\/camara\/\" data-orig-file=\"https:\/\/i0.wp.com\/garsan.synology.me\/wordpress\/wp-content\/uploads\/2024\/10\/Camara.jpg?fit=300%2C300&amp;ssl=1\" data-orig-size=\"300,300\" data-comments-opened=\"1\" data-image-meta=\"{&quot;aperture&quot;:&quot;0&quot;,&quot;credit&quot;:&quot;&quot;,&quot;camera&quot;:&quot;&quot;,&quot;caption&quot;:&quot;&quot;,&quot;created_timestamp&quot;:&quot;0&quot;,&quot;copyright&quot;:&quot;&quot;,&quot;focal_length&quot;:&quot;0&quot;,&quot;iso&quot;:&quot;0&quot;,&quot;shutter_speed&quot;:&quot;0&quot;,&quot;title&quot;:&quot;&quot;,&quot;orientation&quot;:&quot;1&quot;}\" data-image-title=\"Camara\" data-image-description=\"\" data-image-caption=\"\" data-medium-file=\"https:\/\/i0.wp.com\/garsan.synology.me\/wordpress\/wp-content\/uploads\/2024\/10\/Camara.jpg?fit=300%2C300&amp;ssl=1\" data-large-file=\"https:\/\/i0.wp.com\/garsan.synology.me\/wordpress\/wp-content\/uploads\/2024\/10\/Camara.jpg?fit=300%2C300&amp;ssl=1\" class=\"alignnone size-full wp-image-19668\" src=\"https:\/\/i0.wp.com\/garsan.synology.me\/wordpress\/wp-content\/uploads\/2024\/10\/Camara.jpg?resize=300%2C300\" alt=\"\" width=\"300\" height=\"300\" srcset=\"https:\/\/i0.wp.com\/garsan.synology.me\/wordpress\/wp-content\/uploads\/2024\/10\/Camara.jpg?w=300&amp;ssl=1 300w, https:\/\/i0.wp.com\/garsan.synology.me\/wordpress\/wp-content\/uploads\/2024\/10\/Camara.jpg?resize=100%2C100&amp;ssl=1 100w\" sizes=\"auto, (max-width: 300px) 100vw, 300px\" \/><\/h2>\n<h3><strong><span style=\"background-color: #ffff00;\">Aviso de Protecci\u00f3n de Datos para Videovigilancia<\/span><\/strong><\/h3>\n<hr \/>\n<p><em><strong>Tratamiento de Datos de Videovigilancia<\/strong><\/em><\/p>\n<p><strong>Responsable del Tratamiento:<\/strong><br \/>F. Javier Garc\u00eda S\u00e1nchez.<\/p>\n<p style=\"text-align: justify;\"><strong>Finalidad del Tratamiento:<\/strong><br \/>Las im\u00e1genes captadas por el sistema de videovigilancia son tratadas exclusivamente con el prop\u00f3sito de garantizar la seguridad de las personas, bienes e instalaciones. La finalidad es prevenir y detectar posibles incidentes que puedan afectar a dicha seguridad.<\/p>\n<p style=\"text-align: justify;\"><strong>Base Jur\u00eddica del Tratamiento:<\/strong><br \/>La legitimaci\u00f3n para la captaci\u00f3n de im\u00e1genes mediante c\u00e1maras de videovigilancia se basa en el inter\u00e9s leg\u00edtimo de los propietarios de la vivienda, de acuerdo con lo dispuesto en el Reglamento General de Protecci\u00f3n de Datos (RGPD) y la Ley Org\u00e1nica de Protecci\u00f3n de Datos y Garant\u00eda de Derechos Digitales (LOPDGDD).<\/p>\n<p style=\"text-align: justify;\"><strong>Conservaci\u00f3n de las Im\u00e1genes:<\/strong><br \/>Las im\u00e1genes se conservar\u00e1n durante un plazo m\u00e1ximo de 30 d\u00edas, salvo en casos espec\u00edficos en los que se deban conservar para la investigaci\u00f3n de alg\u00fan incidente, en cuyo caso se almacenar\u00e1n hasta la resoluci\u00f3n de este.<\/p>\n<p style=\"text-align: justify;\"><strong>Comunicaci\u00f3n de Datos a Terceros:<\/strong><br \/>Las im\u00e1genes no ser\u00e1n compartidas con terceros, excepto en los casos en los que sea necesario cooperar con las Fuerzas y Cuerpos de Seguridad o a los Juzgados y Tribunales de Justicia en el marco de una investigaci\u00f3n o proceso judicial.<\/p>\n<p><strong>Derechos de los Interesados:<\/strong><br \/>Las personas grabadas tienen derecho a:<\/p>\n<ul>\n<li style=\"text-align: justify;\"><strong>Acceso:<\/strong> Solicitar confirmaci\u00f3n de si estamos tratando sus datos y acceder a las im\u00e1genes en las que aparezcan, si es posible.<\/li>\n<li style=\"text-align: justify;\"><strong>Supresi\u00f3n:<\/strong> Pedir la eliminaci\u00f3n de las grabaciones en determinadas circunstancias, por ejemplo, si las im\u00e1genes ya no son necesarias para la finalidad de seguridad.<\/li>\n<li style=\"text-align: justify;\"><strong>Limitaci\u00f3n del tratamiento:<\/strong> Solicitar la suspensi\u00f3n temporal del tratamiento de sus im\u00e1genes en ciertos casos.<\/li>\n<li style=\"text-align: justify;\"><strong>Oposici\u00f3n:<\/strong> Oponerse al tratamiento de sus datos cuando existan motivos leg\u00edtimos.<\/li>\n<\/ul>\n<p style=\"text-align: justify;\">Para ejercer estos derechos, debe contactar mediante correo electr\u00f3nico a: <a href=\"mailto:fjavier.garcia.sanchez@outlook.com\">fjavier.garcia.sanchez@outlook.com<\/a>, o rellenando el formulario disponible en <a href=\"https:\/\/garsan.synology.me\/wordpress\/contacto\/\">Contacto \u2013 Javier Garc\u00eda<\/a>, y especificando su nombre, apellido y el derecho que desea ejercitar.<\/p>\n<p style=\"text-align: justify;\"><strong>Medidas de Seguridad Aplicadas:<\/strong><br \/>El sistema de videovigilancia est\u00e1 dise\u00f1ado para garantizar la protecci\u00f3n y confidencialidad de las im\u00e1genes captadas. Se han adoptado medidas t\u00e9cnicas para proteger la integridad de las grabaciones y prevenir accesos no autorizados.<\/p>\n<p style=\"text-align: justify;\"><strong>Contacto para M\u00e1s Informaci\u00f3n:<\/strong><br \/>Si necesita m\u00e1s informaci\u00f3n sobre el tratamiento de datos o desea ejercer alguno de sus derechos, por favor contacte por correo electr\u00f3nico a <a href=\"mailto:fjavier.garcia.sanchez@outlook.com\">fjavier.garcia.sanchez@outlook.com\u00a0<\/a> o usando el enlace a el formulario de contacto <a href=\"https:\/\/garsan.synology.me\/wordpress\/contacto\/\">Contacto \u2013 Javier Garc\u00eda.<\/a><\/p>\n","protected":false},"excerpt":{"rendered":"<p>Aviso de Protecci\u00f3n de Datos para Videovigilancia Tratamiento de Datos de Videovigilancia Responsable del Tratamiento:F. Javier Garc\u00eda S\u00e1nchez. Finalidad del Tratamiento:Las im\u00e1genes captadas por el sistema de videovigilancia son tratadas exclusivamente con el prop\u00f3sito de garantizar la seguridad de las personas, bienes e instalaciones. La finalidad es prevenir y detectar posibles incidentes que puedan afectar &hellip; <\/p>\n<p class=\"link-more\"><a href=\"https:\/\/garsan.synology.me\/wordpress\/lopd\/\" class=\"more-link\">Continuar leyendo<span class=\"screen-reader-text\"> &#8220;LOPD&#8221;<\/span><\/a><\/p>\n","protected":false},"author":1,"featured_media":0,"parent":0,"menu_order":0,"comment_status":"closed","ping_status":"closed","template":"","meta":{"jetpack_post_was_ever_published":false,"footnotes":""},"class_list":["post-19665","page","type-page","status-publish","hentry"],"jetpack_sharing_enabled":true,"jetpack_shortlink":"https:\/\/wp.me\/P9EDur-57b","jetpack_likes_enabled":true,"jetpack-related-posts":[],"_links":{"self":[{"href":"https:\/\/garsan.synology.me\/wordpress\/wp-json\/wp\/v2\/pages\/19665","targetHints":{"allow":["GET"]}}],"collection":[{"href":"https:\/\/garsan.synology.me\/wordpress\/wp-json\/wp\/v2\/pages"}],"about":[{"href":"https:\/\/garsan.synology.me\/wordpress\/wp-json\/wp\/v2\/types\/page"}],"author":[{"embeddable":true,"href":"https:\/\/garsan.synology.me\/wordpress\/wp-json\/wp\/v2\/users\/1"}],"replies":[{"embeddable":true,"href":"https:\/\/garsan.synology.me\/wordpress\/wp-json\/wp\/v2\/comments?post=19665"}],"version-history":[{"count":12,"href":"https:\/\/garsan.synology.me\/wordpress\/wp-json\/wp\/v2\/pages\/19665\/revisions"}],"predecessor-version":[{"id":19686,"href":"https:\/\/garsan.synology.me\/wordpress\/wp-json\/wp\/v2\/pages\/19665\/revisions\/19686"}],"wp:attachment":[{"href":"https:\/\/garsan.synology.me\/wordpress\/wp-json\/wp\/v2\/media?parent=19665"}],"curies":[{"name":"wp","href":"https:\/\/api.w.org\/{rel}","templated":true}]}}